{"id":285,"date":"2013-08-21T07:38:50","date_gmt":"2013-08-21T07:38:50","guid":{"rendered":"http:\/\/farnost.dacice.cz\/?page_id=285"},"modified":"2014-02-19T12:28:05","modified_gmt":"2014-02-19T12:28:05","slug":"ze-soucasnosti","status":"publish","type":"page","link":"http:\/\/farnost.dacice.cz\/?page_id=285","title":{"rendered":"Ze sou\u010dasnosti"},"content":{"rendered":"<p>&nbsp;<\/p>\n<p><a title=\"Spolek pro vybudov\u00e1n\u00ed a udr\u017eov\u00e1n\u00ed katolick\u00e9ho domu v Da\u010dic\u00edch\" href=\"http:\/\/www.katolicky-dum.cz\" target=\"_blank\">Katolick\u00fd d\u016fm Da\u010dice<\/a><\/p>\n<p><a title=\"Oblastn\u00ed Charita Jihlava - kancel\u00e1\u0159 Da\u010dice\" href=\"http:\/\/jihlava.charita.cz\/domovinkadacice\/\" target=\"_blank\">Oblastn\u00ed Charita Jihlava &#8211; kancel\u00e1\u0159 Da\u010dice<\/a><br \/>\nPoskytuje osobn\u00ed asistenci a nab\u00edz\u00ed slu\u017eby mate\u0159sk\u00e9ho centra a \u0161atn\u00edku.<\/p>\n<p><a title=\"Letn\u00ed d\u011btsk\u00fd t\u00e1bor Zv\u016fle\" href=\"https:\/\/sites.google.com\/site\/taborzvule\/\" target=\"_blank\">Letn\u00ed d\u011btsk\u00fd z\u00e1bor Zv\u016fle<br \/>\n<\/a><\/p>\n<p><a title=\"Karmel Matky Bo\u017e\u00ed, kl\u00e1\u0161ter \u0158\u00e1du bos\u00fdch karmelitek\" href=\"http:\/\/www.karmelitky.cz\/\" target=\"_blank\">Karmel Matky Bo\u017e\u00ed<\/a><\/p>\n<p><a title=\"Str\u00e1nky \u0158\u00e1du karmelit\u00e1n\u016f\" href=\"http:\/\/www.karmel.cz\" target=\"_blank\">Karmel<\/a><\/p>\n","protected":false},"excerpt":{"rendered":"<p>&nbsp; Katolick\u00fd d\u016fm Da\u010dice Oblastn\u00ed Charita Jihlava &#8211; kancel\u00e1\u0159 Da\u010dice Poskytuje osobn\u00ed asistenci a nab\u00edz\u00ed slu\u017eby mate\u0159sk\u00e9ho centra a \u0161atn\u00edku. Letn\u00ed d\u011btsk\u00fd z\u00e1bor Zv\u016fle Karmel Matky Bo\u017e\u00ed Karmel<\/p>\n","protected":false},"author":5,"featured_media":0,"parent":0,"menu_order":0,"comment_status":"closed","ping_status":"closed","template":"","meta":[],"_links":{"self":[{"href":"http:\/\/farnost.dacice.cz\/index.php?rest_route=\/wp\/v2\/pages\/285"}],"collection":[{"href":"http:\/\/farnost.dacice.cz\/index.php?rest_route=\/wp\/v2\/pages"}],"about":[{"href":"http:\/\/farnost.dacice.cz\/index.php?rest_route=\/wp\/v2\/types\/page"}],"author":[{"embeddable":true,"href":"http:\/\/farnost.dacice.cz\/index.php?rest_route=\/wp\/v2\/users\/5"}],"replies":[{"embeddable":true,"href":"http:\/\/farnost.dacice.cz\/index.php?rest_route=%2Fwp%2Fv2%2Fcomments&post=285"}],"version-history":[{"count":14,"href":"http:\/\/farnost.dacice.cz\/index.php?rest_route=\/wp\/v2\/pages\/285\/revisions"}],"predecessor-version":[{"id":487,"href":"http:\/\/farnost.dacice.cz\/index.php?rest_route=\/wp\/v2\/pages\/285\/revisions\/487"}],"wp:attachment":[{"href":"http:\/\/farnost.dacice.cz\/index.php?rest_route=%2Fwp%2Fv2%2Fmedia&parent=285"}],"curies":[{"name":"wp","href":"https:\/\/api.w.org\/{rel}","templated":true}]}}