{"id":19,"date":"2013-08-08T12:53:59","date_gmt":"2013-08-08T12:53:59","guid":{"rendered":"http:\/\/farnost.dacice.cz\/?page_id=19"},"modified":"2016-03-05T14:34:03","modified_gmt":"2016-03-05T14:34:03","slug":"archiv-farnich-listu","status":"publish","type":"page","link":"http:\/\/farnost.dacice.cz\/?page_id=19","title":{"rendered":"Archiv FL"},"content":{"rendered":"<p>\u010c\u00edsla jsou \u0159azena od nejnov\u011bj\u0161\u00edho po nejstar\u0161\u00ed.<\/p>\n<p><span style=\"color: #000000;\"><strong><span style=\"color: #800000;\">Pro sta\u017een\u00ed \u010d\u00edsla\u00a0Farn\u00edch list\u016f mus\u00edte NOV\u011a kliknout p\u0159\u00edmo na nejmen\u0161\u00ed\u00a0\u0159\u00e1dek popisu \u010d\u00edsla. Sta\u017een\u00ed po kliknut\u00ed na ikonu bohu\u017eel nefunguje. <\/span><\/strong><span style=\"color: #800000;\">Kliknut\u00ed na v\u011bt\u0161\u00ed\u00a0\u0159\u00e1dek popisu V\u00e1s p\u0159esm\u011bruje na statistiku souboru (plat\u00ed pouze pro hn\u011bd\u00e1 pole). Pro n\u00e1pravu situace hled\u00e1m \u0159e\u0161en\u00ed.<\/span>\u00a0\u00a0<\/span><em>admin<\/em><\/p>\n<table border=\"0\" cellspacing=\"0\" cellpadding=\"0\">\n<tbody>\n<tr>\n<td>[table &#8220;20&#8221; not found \/]<br \/>\n<\/td>\n<td width=\"5\"><\/td>\n<td>[table &#8220;17&#8221; not found \/]<br \/>\n<\/td>\n<\/tr>\n<\/tbody>\n<\/table>\n<p><!--nextpage--><\/p>\n<table border=\"0\" cellspacing=\"0\" cellpadding=\"0\">\n<tbody>\n<tr>\n<td>[table &#8220;16&#8221; not found \/]<br \/>\n<\/td>\n<td width=\"5\"><\/td>\n<td>[table &#8220;15&#8221; not found \/]<br \/>\n<\/td>\n<\/tr>\n<\/tbody>\n<\/table>\n<p><!--nextpage--><\/p>\n<table border=\"0\" cellspacing=\"0\" cellpadding=\"0\">\n<tbody>\n<tr>\n<td>[table &#8220;14&#8221; not found \/]<br \/>\n<\/td>\n<td width=\"5\"><\/td>\n<td>[table &#8220;13&#8221; not found \/]<br \/>\n<\/td>\n<\/tr>\n<\/tbody>\n<\/table>\n<p><!--nextpage--><\/p>\n<table border=\"0\" cellspacing=\"0\" cellpadding=\"0\">\n<tbody>\n<tr>\n<td>[table &#8220;12&#8221; not found \/]<br \/>\n<\/td>\n<td width=\"5\"><\/td>\n<td>[table &#8220;11&#8221; not found \/]<br \/>\n<\/td>\n<\/tr>\n<\/tbody>\n<\/table>\n<p><!--nextpage--><\/p>\n<table border=\"0\" cellspacing=\"0\" cellpadding=\"0\">\n<tbody>\n<tr>\n<td>[table &#8220;10&#8221; not found \/]<br \/>\n<\/td>\n<td width=\"5\"><\/td>\n<td>[table &#8220;9&#8221; not found \/]<br \/>\n<\/td>\n<\/tr>\n<\/tbody>\n<\/table>\n<p><!--nextpage--><\/p>\n<table border=\"0\" cellspacing=\"0\" cellpadding=\"0\">\n<tbody>\n<tr>\n<td>[table &#8220;8&#8221; not found \/]<br \/>\n<\/td>\n<td width=\"5\"><\/td>\n<td>[table &#8220;7&#8221; not found \/]<br \/>\n<\/td>\n<\/tr>\n<\/tbody>\n<\/table>\n<p><!--nextpage--><\/p>\n<table border=\"0\" cellspacing=\"0\" cellpadding=\"0\">\n<tbody>\n<tr>\n<td>[table &#8220;6&#8221; not found \/]<br \/>\n<\/td>\n<td width=\"5\"><\/td>\n<td>[table &#8220;4&#8221; not found \/]<br \/>\n<\/td>\n<\/tr>\n<\/tbody>\n<\/table>\n<p><!--nextpage--><\/p>\n<table border=\"0\" cellspacing=\"0\" cellpadding=\"0\">\n<tbody>\n<tr>\n<td>[table &#8220;3&#8221; not found \/]<br \/>\n<\/td>\n<td width=\"5\"><\/td>\n<td>[table &#8220;2&#8221; not found \/]<br \/>\n<\/td>\n<\/tr>\n<tr>\n<td>[table &#8220;1&#8221; not found \/]<br \/>\n<\/td>\n<td width=\"5\"><\/td>\n<td><\/td>\n<\/tr>\n<\/tbody>\n<\/table>\n","protected":false},"excerpt":{"rendered":"<p>\u010c\u00edsla jsou \u0159azena od nejnov\u011bj\u0161\u00edho po nejstar\u0161\u00ed. Pro sta\u017een\u00ed \u010d\u00edsla\u00a0Farn\u00edch list\u016f mus\u00edte NOV\u011a kliknout p\u0159\u00edmo na nejmen\u0161\u00ed\u00a0\u0159\u00e1dek popisu \u010d\u00edsla. Sta\u017een\u00ed po kliknut\u00ed na ikonu bohu\u017eel nefunguje. Kliknut\u00ed na v\u011bt\u0161\u00ed\u00a0\u0159\u00e1dek popisu V\u00e1s p\u0159esm\u011bruje na statistiku souboru (plat\u00ed pouze pro hn\u011bd\u00e1 pole). Pro n\u00e1pravu situace hled\u00e1m \u0159e\u0161en\u00ed.\u00a0\u00a0admin<\/p>\n","protected":false},"author":5,"featured_media":0,"parent":0,"menu_order":0,"comment_status":"closed","ping_status":"closed","template":"","meta":[],"_links":{"self":[{"href":"http:\/\/farnost.dacice.cz\/index.php?rest_route=\/wp\/v2\/pages\/19"}],"collection":[{"href":"http:\/\/farnost.dacice.cz\/index.php?rest_route=\/wp\/v2\/pages"}],"about":[{"href":"http:\/\/farnost.dacice.cz\/index.php?rest_route=\/wp\/v2\/types\/page"}],"author":[{"embeddable":true,"href":"http:\/\/farnost.dacice.cz\/index.php?rest_route=\/wp\/v2\/users\/5"}],"replies":[{"embeddable":true,"href":"http:\/\/farnost.dacice.cz\/index.php?rest_route=%2Fwp%2Fv2%2Fcomments&post=19"}],"version-history":[{"count":12,"href":"http:\/\/farnost.dacice.cz\/index.php?rest_route=\/wp\/v2\/pages\/19\/revisions"}],"predecessor-version":[{"id":783,"href":"http:\/\/farnost.dacice.cz\/index.php?rest_route=\/wp\/v2\/pages\/19\/revisions\/783"}],"wp:attachment":[{"href":"http:\/\/farnost.dacice.cz\/index.php?rest_route=%2Fwp%2Fv2%2Fmedia&parent=19"}],"curies":[{"name":"wp","href":"https:\/\/api.w.org\/{rel}","templated":true}]}}